{"id":18,"date":"2018-07-31T15:53:48","date_gmt":"2018-07-31T13:53:48","guid":{"rendered":"http:\/\/www.silja-music.de\/wp\/?page_id=18"},"modified":"2019-08-27T14:21:42","modified_gmt":"2019-08-27T12:21:42","slug":"musik","status":"publish","type":"page","link":"https:\/\/www.silja-music.de\/en\/musik\/","title":{"rendered":"Music"},"content":{"rendered":"\n<figure class=\"wp-block-embed-youtube wp-block-embed is-type-video is-provider-youtube wp-embed-aspect-16-9 wp-has-aspect-ratio\"><div class=\"wp-block-embed__wrapper\">\n<iframe loading=\"lazy\" title=\"Silja - Live in Bendestorf 2019\" width=\"840\" height=\"473\" src=\"https:\/\/www.youtube.com\/embed\/zdd0Jx_JF68?feature=oembed\" frameborder=\"0\" allow=\"accelerometer; autoplay; encrypted-media; gyroscope; picture-in-picture\" allowfullscreen><\/iframe>\n<\/div><\/figure>\n\n\n\n<figure class=\"wp-block-embed-youtube wp-block-embed is-type-video is-provider-youtube wp-embed-aspect-16-9 wp-has-aspect-ratio\"><div class=\"wp-block-embed__wrapper\">\n<iframe loading=\"lazy\" title=\"Silja - Schartlusie \/ Backwards March\" width=\"840\" height=\"473\" src=\"https:\/\/www.youtube.com\/embed\/CtwRo0reseE?feature=oembed\" frameborder=\"0\" allow=\"accelerometer; autoplay; encrypted-media; gyroscope; picture-in-picture\" allowfullscreen><\/iframe>\n<\/div><figcaption><br><\/figcaption><\/figure>\n\n\n\n<p><\/p>\n\n\n\n<figure class=\"wp-block-audio\"><audio controls src=\"https:\/\/www.silja-music.de\/wp\/wp-content\/uploads\/2018\/08\/Ungarische-Sonneng\u00f6ttin-mx01.mp3\"><\/audio><figcaption><strong>&#8220;Ungarische Sonneng\u00f6ttin&#8221;<br><\/strong><\/figcaption><\/figure>\n\n\n\n<p><\/p>\n\n\n\n<figure class=\"wp-block-audio\"><audio controls src=\"https:\/\/www.silja-music.de\/wp\/wp-content\/uploads\/2018\/08\/Skochne-mx01.mp3\"><\/audio><figcaption><strong>&#8220;Skochne&#8221;<br><\/strong><\/figcaption><\/figure>\n\n\n\n<p><\/p>\n\n\n\n<figure class=\"wp-block-audio\"><audio controls src=\"https:\/\/www.silja-music.de\/wp\/wp-content\/uploads\/2018\/08\/Prinz-Peter-mx01.mp3\"><\/audio><figcaption><strong>&#8220;Prinz Peter&#8221;<br><\/strong><\/figcaption><\/figure>\n\n\n\n<p><\/p>\n\n\n\n<p><strong>Credits<\/strong><br><em>Ungarische Sonneng\u00f6ttin&nbsp;<\/em>(Saltus Hungaricus \u2013 Ungarisch Balett, Daniel Speer, Musicalisch-T\u00fcrkischer Eulenspiegel, Ulm oder Freiburg (?) 1688; Le Sollhildieu Nr. 38\/90, Ernest August Jayme, Recueil de Contre Dances, Wolfenb\u00fcttel 1717, Bearbeitung V. Zeller)<br><em>Prinz Peter&nbsp;<\/em>(N12 Anglois, Werniger\u00f6der Tanzb\u00fcchlein, ca. 1786)<\/p>\n\n\n\n<p class=\"has-regular-font-size\">Arrangements: Silja<\/p>\n\n\n\n<p class=\"has-regular-font-size\">Live recorded July 2018, Studio f\u00fcnfton, Berlin<\/p>\n","protected":false},"excerpt":{"rendered":"<p>CreditsUngarische Sonneng\u00f6ttin&nbsp;(Saltus Hungaricus \u2013 Ungarisch Balett, Daniel Speer, Musicalisch-T\u00fcrkischer Eulenspiegel, Ulm oder Freiburg (?) 1688; Le Sollhildieu Nr. 38\/90, Ernest August Jayme, Recueil de Contre Dances, Wolfenb\u00fcttel 1717, Bearbeitung V. Zeller)Prinz Peter&nbsp;(N12 Anglois, Werniger\u00f6der Tanzb\u00fcchlein, ca. 1786) Arrangements: Silja Live recorded July 2018, Studio f\u00fcnfton, <span class=\"read-more\"><a class=\"more-link btn btn-transparent\" href=\"https:\/\/www.silja-music.de\/en\/musik\/\">Read More &#8230;<\/a><\/span><\/p>\n","protected":false},"author":1,"featured_media":0,"parent":0,"menu_order":0,"comment_status":"closed","ping_status":"closed","template":"","meta":{"footnotes":""},"class_list":["post-18","page","type-page","status-publish","hentry"],"translation":{"provider":"WPGlobus","version":"3.0.2","language":"en","enabled_languages":["de","en"],"languages":{"de":{"title":true,"content":true,"excerpt":false},"en":{"title":true,"content":true,"excerpt":false}}},"yoast_head":"<!-- This site is optimized with the Yoast SEO plugin v27.2 - https:\/\/yoast.com\/product\/yoast-seo-wordpress\/ -->\n<title>Silja \u2013 Traditionelle Musik aus Deutschland trifft jiddsiche und jazzige Einfl\u00fcsse \u2013 Kristina K\u00fcnzel (Dudels\u00e4cke), Mark Kovnatskiy (Violine), Ben Aschenbach (Gitarre\/Cister)<\/title>\n<meta name=\"description\" content=\"Silja \u2013 Traditionelle Musik aus Deutschland trifft jiddsiche und jazzige Einfl\u00fcsse \u2013 Kristina K\u00fcnzel (Dudels\u00e4cke), Mark Kovnatskiy (Violine), Ben Aschenbach (Gitarre\/Cister)\" \/>\n<meta name=\"robots\" content=\"index, follow, max-snippet:-1, max-image-preview:large, max-video-preview:-1\" \/>\n<link rel=\"canonical\" href=\"https:\/\/www.silja-music.de\/musik\/\" \/>\n<meta property=\"og:locale\" content=\"en_US\" \/>\n<meta property=\"og:type\" content=\"article\" \/>\n<meta property=\"og:title\" content=\"Silja \u2013 Traditionelle Musik aus Deutschland trifft jiddsiche und jazzige Einfl\u00fcsse \u2013 Kristina K\u00fcnzel (Dudels\u00e4cke), Mark Kovnatskiy (Violine), Ben Aschenbach (Gitarre\/Cister)\" \/>\n<meta property=\"og:description\" content=\"Silja \u2013 Traditionelle Musik aus Deutschland trifft jiddsiche und jazzige Einfl\u00fcsse \u2013 Kristina K\u00fcnzel (Dudels\u00e4cke), Mark Kovnatskiy (Violine), Ben Aschenbach (Gitarre\/Cister)\" \/>\n<meta property=\"og:url\" content=\"https:\/\/www.silja-music.de\/musik\/\" \/>\n<meta property=\"og:site_name\" content=\"Silja\" \/>\n<meta property=\"article:publisher\" content=\"https:\/\/www.facebook.com\/siljapipesstrings\" \/>\n<meta property=\"article:modified_time\" content=\"2019-08-27T12:21:42+00:00\" \/>\n<meta name=\"twitter:card\" content=\"summary_large_image\" \/>\n<meta name=\"twitter:label1\" content=\"Est. reading time\" \/>\n\t<meta name=\"twitter:data1\" content=\"1 minute\" \/>\n<script type=\"application\/ld+json\" class=\"yoast-schema-graph\">{\"@context\":\"https:\/\/schema.org\",\"@graph\":[{\"@type\":\"WebPage\",\"@id\":\"https:\/\/www.silja-music.de\/musik\/\",\"url\":\"https:\/\/www.silja-music.de\/musik\/\",\"name\":\"Music - Silja\",\"isPartOf\":{\"@id\":\"https:\/\/www.silja-music.de\/#website\"},\"datePublished\":\"2018-07-31T13:53:48+00:00\",\"dateModified\":\"2019-08-27T12:21:42+00:00\",\"breadcrumb\":{\"@id\":\"https:\/\/www.silja-music.de\/musik\/#breadcrumb\"},\"inLanguage\":\"en-US\",\"potentialAction\":[{\"@type\":\"ReadAction\",\"target\":[\"https:\/\/www.silja-music.de\/musik\/\"]}]},{\"@type\":\"BreadcrumbList\",\"@id\":\"https:\/\/www.silja-music.de\/musik\/#breadcrumb\",\"itemListElement\":[{\"@type\":\"ListItem\",\"position\":1,\"name\":\"Startseite\",\"item\":\"https:\/\/www.silja-music.de\/\"},{\"@type\":\"ListItem\",\"position\":2,\"name\":\"Musik\"}]},{\"@type\":\"WebSite\",\"@id\":\"https:\/\/www.silja-music.de\/#website\",\"url\":\"https:\/\/www.silja-music.de\/\",\"name\":\"Silja - Folk Music\",\"description\":\"Silja - pipes&#039;n&#039;strings\",\"publisher\":{\"@id\":\"https:\/\/www.silja-music.de\/#organization\"},\"alternateName\":\"Silja I pipes'n'strings\",\"potentialAction\":[{\"@type\":\"SearchAction\",\"target\":{\"@type\":\"EntryPoint\",\"urlTemplate\":\"https:\/\/www.silja-music.de\/?s={search_term_string}\"},\"query-input\":{\"@type\":\"PropertyValueSpecification\",\"valueRequired\":true,\"valueName\":\"search_term_string\"}}],\"inLanguage\":\"en-US\"},{\"@type\":\"Organization\",\"@id\":\"https:\/\/www.silja-music.de\/#organization\",\"name\":\"Silja I pipes'n'strings\",\"url\":\"https:\/\/www.silja-music.de\/\",\"logo\":{\"@type\":\"ImageObject\",\"inLanguage\":\"en-US\",\"@id\":\"https:\/\/www.silja-music.de\/#\/schema\/logo\/image\/\",\"url\":\"https:\/\/www.silja-music.de\/wp\/wp-content\/uploads\/2018\/08\/silja_schwarz-01.png\",\"contentUrl\":\"https:\/\/www.silja-music.de\/wp\/wp-content\/uploads\/2018\/08\/silja_schwarz-01.png\",\"width\":5622,\"height\":4232,\"caption\":\"Silja I pipes'n'strings\"},\"image\":{\"@id\":\"https:\/\/www.silja-music.de\/#\/schema\/logo\/image\/\"},\"sameAs\":[\"https:\/\/www.facebook.com\/siljapipesstrings\",\"https:\/\/www.instagram.com\/siljapipesstrings\/\",\"https:\/\/www.youtube.com\/channel\/UCsmmB3SkFxXl40HB22_95kQ\"]}]}<\/script>\n<!-- \/ Yoast SEO plugin. -->","yoast_head_json":{"title":"Silja \u2013 Traditionelle Musik aus Deutschland trifft jiddsiche und jazzige Einfl\u00fcsse \u2013 Kristina K\u00fcnzel (Dudels\u00e4cke), Mark Kovnatskiy (Violine), Ben Aschenbach (Gitarre\/Cister)","description":"Silja \u2013 Traditionelle Musik aus Deutschland trifft jiddsiche und jazzige Einfl\u00fcsse \u2013 Kristina K\u00fcnzel (Dudels\u00e4cke), Mark Kovnatskiy (Violine), Ben Aschenbach (Gitarre\/Cister)","robots":{"index":"index","follow":"follow","max-snippet":"max-snippet:-1","max-image-preview":"max-image-preview:large","max-video-preview":"max-video-preview:-1"},"canonical":"https:\/\/www.silja-music.de\/musik\/","og_locale":"en_US","og_type":"article","og_title":"Silja \u2013 Traditionelle Musik aus Deutschland trifft jiddsiche und jazzige Einfl\u00fcsse \u2013 Kristina K\u00fcnzel (Dudels\u00e4cke), Mark Kovnatskiy (Violine), Ben Aschenbach (Gitarre\/Cister)","og_description":"Silja \u2013 Traditionelle Musik aus Deutschland trifft jiddsiche und jazzige Einfl\u00fcsse \u2013 Kristina K\u00fcnzel (Dudels\u00e4cke), Mark Kovnatskiy (Violine), Ben Aschenbach (Gitarre\/Cister)","og_url":"https:\/\/www.silja-music.de\/musik\/","og_site_name":"Silja","article_publisher":"https:\/\/www.facebook.com\/siljapipesstrings","article_modified_time":"2019-08-27T12:21:42+00:00","twitter_card":"summary_large_image","twitter_misc":{"Est. reading time":"1 minute"},"schema":{"@context":"https:\/\/schema.org","@graph":[{"@type":"WebPage","@id":"https:\/\/www.silja-music.de\/musik\/","url":"https:\/\/www.silja-music.de\/musik\/","name":"Music - Silja","isPartOf":{"@id":"https:\/\/www.silja-music.de\/#website"},"datePublished":"2018-07-31T13:53:48+00:00","dateModified":"2019-08-27T12:21:42+00:00","breadcrumb":{"@id":"https:\/\/www.silja-music.de\/musik\/#breadcrumb"},"inLanguage":"en-US","potentialAction":[{"@type":"ReadAction","target":["https:\/\/www.silja-music.de\/musik\/"]}]},{"@type":"BreadcrumbList","@id":"https:\/\/www.silja-music.de\/musik\/#breadcrumb","itemListElement":[{"@type":"ListItem","position":1,"name":"Startseite","item":"https:\/\/www.silja-music.de\/"},{"@type":"ListItem","position":2,"name":"Musik"}]},{"@type":"WebSite","@id":"https:\/\/www.silja-music.de\/#website","url":"https:\/\/www.silja-music.de\/","name":"Silja - Folk Music","description":"Silja - pipes&#039;n&#039;strings","publisher":{"@id":"https:\/\/www.silja-music.de\/#organization"},"alternateName":"Silja I pipes'n'strings","potentialAction":[{"@type":"SearchAction","target":{"@type":"EntryPoint","urlTemplate":"https:\/\/www.silja-music.de\/?s={search_term_string}"},"query-input":{"@type":"PropertyValueSpecification","valueRequired":true,"valueName":"search_term_string"}}],"inLanguage":"en-US"},{"@type":"Organization","@id":"https:\/\/www.silja-music.de\/#organization","name":"Silja I pipes'n'strings","url":"https:\/\/www.silja-music.de\/","logo":{"@type":"ImageObject","inLanguage":"en-US","@id":"https:\/\/www.silja-music.de\/#\/schema\/logo\/image\/","url":"https:\/\/www.silja-music.de\/wp\/wp-content\/uploads\/2018\/08\/silja_schwarz-01.png","contentUrl":"https:\/\/www.silja-music.de\/wp\/wp-content\/uploads\/2018\/08\/silja_schwarz-01.png","width":5622,"height":4232,"caption":"Silja I pipes'n'strings"},"image":{"@id":"https:\/\/www.silja-music.de\/#\/schema\/logo\/image\/"},"sameAs":["https:\/\/www.facebook.com\/siljapipesstrings","https:\/\/www.instagram.com\/siljapipesstrings\/","https:\/\/www.youtube.com\/channel\/UCsmmB3SkFxXl40HB22_95kQ"]}]}},"_links":{"self":[{"href":"https:\/\/www.silja-music.de\/en\/wp-json\/wp\/v2\/pages\/18","targetHints":{"allow":["GET"]}}],"collection":[{"href":"https:\/\/www.silja-music.de\/en\/wp-json\/wp\/v2\/pages"}],"about":[{"href":"https:\/\/www.silja-music.de\/en\/wp-json\/wp\/v2\/types\/page"}],"author":[{"embeddable":true,"href":"https:\/\/www.silja-music.de\/en\/wp-json\/wp\/v2\/users\/1"}],"replies":[{"embeddable":true,"href":"https:\/\/www.silja-music.de\/en\/wp-json\/wp\/v2\/comments?post=18"}],"version-history":[{"count":34,"href":"https:\/\/www.silja-music.de\/en\/wp-json\/wp\/v2\/pages\/18\/revisions"}],"predecessor-version":[{"id":502,"href":"https:\/\/www.silja-music.de\/en\/wp-json\/wp\/v2\/pages\/18\/revisions\/502"}],"wp:attachment":[{"href":"https:\/\/www.silja-music.de\/en\/wp-json\/wp\/v2\/media?parent=18"}],"curies":[{"name":"wp","href":"https:\/\/api.w.org\/{rel}","templated":true}]}}