{"id":19,"date":"2018-07-31T15:53:48","date_gmt":"2018-07-31T13:53:48","guid":{"rendered":"http:\/\/www.silja-music.de\/wp\/?page_id=19"},"modified":"2025-08-07T14:02:39","modified_gmt":"2025-08-07T12:02:39","slug":"silja-pipesnstrings-folk-music","status":"publish","type":"page","link":"https:\/\/www.silja-music.de\/en\/","title":{"rendered":"Silja &#8211; pipes&#8217;n&#8217;strings"},"content":{"rendered":"\n<p>Silja is the Low German shortened form of the name Cecilia. Saint Cecilia is considered the patron saint of musicians, singers, and poets. Silja pipes&#8217;n&#8217;strings was formed in 2018 at the initiative of Kristina K\u00fcnzel, whose long-held ambition had been to revive traditional German music and interpret it in an unusual way.<\/p>\n\n\n\n<p>It was a perfect fit that the internationally renowned klezmer virtuoso Mark Kovnatskiy was also looking for a new project. This meant that two melody instrumentalists had already found each other. Since Kristina had already worked with guitarist Ben Aschenbach on previous projects, the band quickly found its harmonic and rhythmic foundation and was complete as a trio.<\/p>\n\n\n\n<p>The strengths and focuses of the individual musicians were instrumental in developing their musical style, which has fluctuated between German folk and klezmer since its inception. The line-up with various bagpipes from Germany and Sweden, nyckelharpa, violin, guitar and cittern is full of surprises, virtuosity, joy of playing and magical moments.<\/p>\n\n\n\n<p><a href=\"https:\/\/www.hr2.de\/podcasts\/hoerbar\/mit-dudelsack-nyckelharpa--mehr-musik-grenzenlos,podcast-episode-139374.html\"><strong>tradtuur im Fokus  von &#8220;H\u00f6rbar &#8211; Musik grenzenlos&#8221; bei HR2 Kultur und SWR2<\/strong><\/a><\/p>\n\n\n\n<p><\/p>\n\n\n\n<figure class=\"wp-block-embed is-type-video is-provider-youtube wp-block-embed-youtube wp-embed-aspect-16-9 wp-has-aspect-ratio\"><div class=\"wp-block-embed__wrapper\">\n<iframe loading=\"lazy\" title=\"Silja band trailer\" width=\"840\" height=\"473\" src=\"https:\/\/www.youtube.com\/embed\/H4GyqTNC5mM?feature=oembed\" frameborder=\"0\" allow=\"accelerometer; autoplay; clipboard-write; encrypted-media; gyroscope; picture-in-picture; web-share\" referrerpolicy=\"strict-origin-when-cross-origin\" allowfullscreen><\/iframe>\n<\/div><\/figure>\n\n\n\n<p>In 2020, the debut album &#8220;<a href=\"https:\/\/www.silja-music.de\/en\/cd-tradfusion\/\">tradfusion<\/a>,&#8221; named after the musical motto, was released. In March 2025, the second album, &#8220;<a href=\"https:\/\/www.silja-music.de\/en\/cd-tradtuur\/\">tradtuur<\/a>,&#8221; was released, continuing the same path and expanding beyond it both geographically and musically.<\/p>\n\n\n<div class=\"wp-block-image\">\n<figure class=\"alignleft size-large is-resized\"><img loading=\"lazy\" decoding=\"async\" width=\"1024\" height=\"1024\" src=\"https:\/\/www.silja-music.de\/wp\/wp-content\/uploads\/2024\/10\/tradtuur-cover-final-1024x1024.jpg\" alt=\"\" class=\"wp-image-1158\" style=\"width:169px;height:auto\" srcset=\"https:\/\/www.silja-music.de\/wp\/wp-content\/uploads\/2024\/10\/tradtuur-cover-final-1024x1024.jpg 1024w, https:\/\/www.silja-music.de\/wp\/wp-content\/uploads\/2024\/10\/tradtuur-cover-final-300x300.jpg 300w, https:\/\/www.silja-music.de\/wp\/wp-content\/uploads\/2024\/10\/tradtuur-cover-final-150x150.jpg 150w, https:\/\/www.silja-music.de\/wp\/wp-content\/uploads\/2024\/10\/tradtuur-cover-final-768x768.jpg 768w, https:\/\/www.silja-music.de\/wp\/wp-content\/uploads\/2024\/10\/tradtuur-cover-final.jpg 1425w\" sizes=\"auto, (max-width: 1024px) 100vw, 1024px\" \/><\/figure>\n<\/div>\n\n\n<p>In addition to the traditional dance music sources of Northern Germany, Silja pipes&#8217;n&#8217;strings has expanded their repertoire to include the entire German-speaking region. They also include three original compositions. &#8220;We don&#8217;t just want to follow old, bygone traditions, but also incorporate our own ideas and melodies even more than in our first album. We&#8217;re always looking for melodies that reflect the similarities between German traditional music and Jewish music. And there are very, very many of them. This doesn&#8217;t surprise us, since both cultures have lived in one country for centuries and have always influenced each other.&#8221;<\/p>\n","protected":false},"excerpt":{"rendered":"<p>Silja is the Low German shortened form of the name Cecilia. Saint Cecilia is considered the patron saint of musicians, singers, and poets. Silja pipes&#8217;n&#8217;strings was formed in 2018 at the initiative of Kristina K\u00fcnzel, whose long-held ambition had been to revive traditional German music <span class=\"read-more\"><a class=\"more-link btn btn-transparent\" href=\"https:\/\/www.silja-music.de\/en\/\">Read More &#8230;<\/a><\/span><\/p>\n","protected":false},"author":1,"featured_media":0,"parent":0,"menu_order":0,"comment_status":"closed","ping_status":"closed","template":"","meta":{"footnotes":""},"class_list":["post-19","page","type-page","status-publish","hentry"],"translation":{"provider":"WPGlobus","version":"3.0.2","language":"en","enabled_languages":["de","en"],"languages":{"de":{"title":true,"content":true,"excerpt":false},"en":{"title":true,"content":true,"excerpt":false}}},"yoast_head":"<!-- This site is optimized with the Yoast SEO plugin v27.5 - https:\/\/yoast.com\/product\/yoast-seo-wordpress\/ -->\n<title>Silja Folk Music<\/title>\n<meta name=\"description\" content=\"Traditional music from Germany meets yiddish and jazzy elements, 3 musicians of different traditions and styles come together and form a unique sound.\" \/>\n<meta name=\"robots\" content=\"index, follow, max-snippet:-1, max-image-preview:large, max-video-preview:-1\" \/>\n<link rel=\"canonical\" href=\"https:\/\/www.silja-music.de\/\" \/>\n<meta property=\"og:locale\" content=\"en_US\" \/>\n<meta property=\"og:type\" content=\"article\" \/>\n<meta property=\"og:title\" content=\"Silja Folk Music\" \/>\n<meta property=\"og:description\" content=\"Traditional music from Germany meets yiddish and jazzy elements, 3 musicians of different traditions and styles come together and form a unique sound.\" \/>\n<meta property=\"og:url\" content=\"https:\/\/www.silja-music.de\/\" \/>\n<meta property=\"og:site_name\" content=\"Silja\" \/>\n<meta property=\"article:publisher\" content=\"https:\/\/www.facebook.com\/siljapipesstrings\" \/>\n<meta property=\"article:modified_time\" content=\"2025-08-07T12:02:39+00:00\" \/>\n<meta property=\"og:image\" content=\"https:\/\/www.silja-music.de\/wp\/wp-content\/uploads\/2024\/10\/tradtuur-cover-final-1024x1024.jpg\" \/>\n\t<meta property=\"og:image:width\" content=\"1024\" \/>\n\t<meta property=\"og:image:height\" content=\"1024\" \/>\n\t<meta property=\"og:image:type\" content=\"image\/jpeg\" \/>\n<meta name=\"twitter:card\" content=\"summary_large_image\" \/>\n<meta name=\"twitter:label1\" content=\"Est. reading time\" \/>\n\t<meta name=\"twitter:data1\" content=\"2 minutes\" \/>\n<script type=\"application\/ld+json\" class=\"yoast-schema-graph\">{\"@context\":\"https:\\\/\\\/schema.org\",\"@graph\":[{\"@type\":\"WebPage\",\"@id\":\"https:\\\/\\\/www.silja-music.de\\\/\",\"url\":\"https:\\\/\\\/www.silja-music.de\\\/\",\"name\":\"Silja - pipes'n'strings folk music\",\"isPartOf\":{\"@id\":\"https:\\\/\\\/www.silja-music.de\\\/#website\"},\"primaryImageOfPage\":{\"@id\":\"https:\\\/\\\/www.silja-music.de\\\/#primaryimage\"},\"image\":{\"@id\":\"https:\\\/\\\/www.silja-music.de\\\/#primaryimage\"},\"thumbnailUrl\":\"https:\\\/\\\/www.silja-music.de\\\/wp\\\/wp-content\\\/uploads\\\/2024\\\/10\\\/tradtuur-cover-final-1024x1024.jpg\",\"datePublished\":\"2018-07-31T13:53:48+00:00\",\"dateModified\":\"2025-08-07T12:02:39+00:00\",\"description\":\"Silja pipes'n'strings \u2013 Die au\u00dfergew\u00f6hnliche Besetzung mit verschiedenen Dudels\u00e4cken, Nyckelharpa, Violine, Gitarre\\\/Cister und Gesang l\u00e4dt zu einem abwechslungsreichen stimmigen Klangerlebnis ein, voller \u00dcberraschungen, Virtuosi\u00e4t, Spielfreude und magischer Momente.\",\"breadcrumb\":{\"@id\":\"https:\\\/\\\/www.silja-music.de\\\/#breadcrumb\"},\"inLanguage\":\"en-US\",\"potentialAction\":[{\"@type\":\"ReadAction\",\"target\":[\"https:\\\/\\\/www.silja-music.de\\\/\"]}]},{\"@type\":\"ImageObject\",\"inLanguage\":\"en-US\",\"@id\":\"https:\\\/\\\/www.silja-music.de\\\/#primaryimage\",\"url\":\"https:\\\/\\\/www.silja-music.de\\\/wp\\\/wp-content\\\/uploads\\\/2024\\\/10\\\/tradtuur-cover-final-1024x1024.jpg\",\"contentUrl\":\"https:\\\/\\\/www.silja-music.de\\\/wp\\\/wp-content\\\/uploads\\\/2024\\\/10\\\/tradtuur-cover-final-1024x1024.jpg\"},{\"@type\":\"BreadcrumbList\",\"@id\":\"https:\\\/\\\/www.silja-music.de\\\/#breadcrumb\",\"itemListElement\":[{\"@type\":\"ListItem\",\"position\":1,\"name\":\"Startseite\",\"item\":\"https:\\\/\\\/www.silja-music.de\\\/\"},{\"@type\":\"ListItem\",\"position\":2,\"name\":\"Silja &#8211; pipes&#8217;n&#8217;strings\"}]},{\"@type\":\"WebSite\",\"@id\":\"https:\\\/\\\/www.silja-music.de\\\/#website\",\"url\":\"https:\\\/\\\/www.silja-music.de\\\/\",\"name\":\"Silja - Folk Music\",\"description\":\"Silja - pipes&#039;n&#039;strings\",\"publisher\":{\"@id\":\"https:\\\/\\\/www.silja-music.de\\\/#organization\"},\"alternateName\":\"Silja I pipes'n'strings\",\"potentialAction\":[{\"@type\":\"SearchAction\",\"target\":{\"@type\":\"EntryPoint\",\"urlTemplate\":\"https:\\\/\\\/www.silja-music.de\\\/?s={search_term_string}\"},\"query-input\":{\"@type\":\"PropertyValueSpecification\",\"valueRequired\":true,\"valueName\":\"search_term_string\"}}],\"inLanguage\":\"en-US\"},{\"@type\":\"Organization\",\"@id\":\"https:\\\/\\\/www.silja-music.de\\\/#organization\",\"name\":\"Silja I pipes'n'strings\",\"url\":\"https:\\\/\\\/www.silja-music.de\\\/\",\"logo\":{\"@type\":\"ImageObject\",\"inLanguage\":\"en-US\",\"@id\":\"https:\\\/\\\/www.silja-music.de\\\/#\\\/schema\\\/logo\\\/image\\\/\",\"url\":\"https:\\\/\\\/www.silja-music.de\\\/wp\\\/wp-content\\\/uploads\\\/2018\\\/08\\\/silja_schwarz-01.png\",\"contentUrl\":\"https:\\\/\\\/www.silja-music.de\\\/wp\\\/wp-content\\\/uploads\\\/2018\\\/08\\\/silja_schwarz-01.png\",\"width\":5622,\"height\":4232,\"caption\":\"Silja I pipes'n'strings\"},\"image\":{\"@id\":\"https:\\\/\\\/www.silja-music.de\\\/#\\\/schema\\\/logo\\\/image\\\/\"},\"sameAs\":[\"https:\\\/\\\/www.facebook.com\\\/siljapipesstrings\",\"https:\\\/\\\/www.instagram.com\\\/siljapipesstrings\\\/\",\"https:\\\/\\\/www.youtube.com\\\/channel\\\/UCsmmB3SkFxXl40HB22_95kQ\"]}]}<\/script>\n<!-- \/ Yoast SEO plugin. -->","yoast_head_json":{"title":"Silja Folk Music","description":"Traditional music from Germany meets yiddish and jazzy elements, 3 musicians of different traditions and styles come together and form a unique sound.","robots":{"index":"index","follow":"follow","max-snippet":"max-snippet:-1","max-image-preview":"max-image-preview:large","max-video-preview":"max-video-preview:-1"},"canonical":"https:\/\/www.silja-music.de\/","og_locale":"en_US","og_type":"article","og_title":"Silja Folk Music","og_description":"Traditional music from Germany meets yiddish and jazzy elements, 3 musicians of different traditions and styles come together and form a unique sound.","og_url":"https:\/\/www.silja-music.de\/","og_site_name":"Silja","article_publisher":"https:\/\/www.facebook.com\/siljapipesstrings","article_modified_time":"2025-08-07T12:02:39+00:00","og_image":[{"width":1024,"height":1024,"url":"https:\/\/www.silja-music.de\/wp\/wp-content\/uploads\/2024\/10\/tradtuur-cover-final-1024x1024.jpg","type":"image\/jpeg"}],"twitter_card":"summary_large_image","twitter_misc":{"Est. reading time":"2 minutes"},"schema":{"@context":"https:\/\/schema.org","@graph":[{"@type":"WebPage","@id":"https:\/\/www.silja-music.de\/","url":"https:\/\/www.silja-music.de\/","name":"Silja - pipes'n'strings folk music","isPartOf":{"@id":"https:\/\/www.silja-music.de\/#website"},"primaryImageOfPage":{"@id":"https:\/\/www.silja-music.de\/#primaryimage"},"image":{"@id":"https:\/\/www.silja-music.de\/#primaryimage"},"thumbnailUrl":"https:\/\/www.silja-music.de\/wp\/wp-content\/uploads\/2024\/10\/tradtuur-cover-final-1024x1024.jpg","datePublished":"2018-07-31T13:53:48+00:00","dateModified":"2025-08-07T12:02:39+00:00","description":"Silja pipes'n'strings \u2013 Die au\u00dfergew\u00f6hnliche Besetzung mit verschiedenen Dudels\u00e4cken, Nyckelharpa, Violine, Gitarre\/Cister und Gesang l\u00e4dt zu einem abwechslungsreichen stimmigen Klangerlebnis ein, voller \u00dcberraschungen, Virtuosi\u00e4t, Spielfreude und magischer Momente.","breadcrumb":{"@id":"https:\/\/www.silja-music.de\/#breadcrumb"},"inLanguage":"en-US","potentialAction":[{"@type":"ReadAction","target":["https:\/\/www.silja-music.de\/"]}]},{"@type":"ImageObject","inLanguage":"en-US","@id":"https:\/\/www.silja-music.de\/#primaryimage","url":"https:\/\/www.silja-music.de\/wp\/wp-content\/uploads\/2024\/10\/tradtuur-cover-final-1024x1024.jpg","contentUrl":"https:\/\/www.silja-music.de\/wp\/wp-content\/uploads\/2024\/10\/tradtuur-cover-final-1024x1024.jpg"},{"@type":"BreadcrumbList","@id":"https:\/\/www.silja-music.de\/#breadcrumb","itemListElement":[{"@type":"ListItem","position":1,"name":"Startseite","item":"https:\/\/www.silja-music.de\/"},{"@type":"ListItem","position":2,"name":"Silja &#8211; pipes&#8217;n&#8217;strings"}]},{"@type":"WebSite","@id":"https:\/\/www.silja-music.de\/#website","url":"https:\/\/www.silja-music.de\/","name":"Silja - Folk Music","description":"Silja - pipes&#039;n&#039;strings","publisher":{"@id":"https:\/\/www.silja-music.de\/#organization"},"alternateName":"Silja I pipes'n'strings","potentialAction":[{"@type":"SearchAction","target":{"@type":"EntryPoint","urlTemplate":"https:\/\/www.silja-music.de\/?s={search_term_string}"},"query-input":{"@type":"PropertyValueSpecification","valueRequired":true,"valueName":"search_term_string"}}],"inLanguage":"en-US"},{"@type":"Organization","@id":"https:\/\/www.silja-music.de\/#organization","name":"Silja I pipes'n'strings","url":"https:\/\/www.silja-music.de\/","logo":{"@type":"ImageObject","inLanguage":"en-US","@id":"https:\/\/www.silja-music.de\/#\/schema\/logo\/image\/","url":"https:\/\/www.silja-music.de\/wp\/wp-content\/uploads\/2018\/08\/silja_schwarz-01.png","contentUrl":"https:\/\/www.silja-music.de\/wp\/wp-content\/uploads\/2018\/08\/silja_schwarz-01.png","width":5622,"height":4232,"caption":"Silja I pipes'n'strings"},"image":{"@id":"https:\/\/www.silja-music.de\/#\/schema\/logo\/image\/"},"sameAs":["https:\/\/www.facebook.com\/siljapipesstrings","https:\/\/www.instagram.com\/siljapipesstrings\/","https:\/\/www.youtube.com\/channel\/UCsmmB3SkFxXl40HB22_95kQ"]}]}},"_links":{"self":[{"href":"https:\/\/www.silja-music.de\/en\/wp-json\/wp\/v2\/pages\/19","targetHints":{"allow":["GET"]}}],"collection":[{"href":"https:\/\/www.silja-music.de\/en\/wp-json\/wp\/v2\/pages"}],"about":[{"href":"https:\/\/www.silja-music.de\/en\/wp-json\/wp\/v2\/types\/page"}],"author":[{"embeddable":true,"href":"https:\/\/www.silja-music.de\/en\/wp-json\/wp\/v2\/users\/1"}],"replies":[{"embeddable":true,"href":"https:\/\/www.silja-music.de\/en\/wp-json\/wp\/v2\/comments?post=19"}],"version-history":[{"count":103,"href":"https:\/\/www.silja-music.de\/en\/wp-json\/wp\/v2\/pages\/19\/revisions"}],"predecessor-version":[{"id":1257,"href":"https:\/\/www.silja-music.de\/en\/wp-json\/wp\/v2\/pages\/19\/revisions\/1257"}],"wp:attachment":[{"href":"https:\/\/www.silja-music.de\/en\/wp-json\/wp\/v2\/media?parent=19"}],"curies":[{"name":"wp","href":"https:\/\/api.w.org\/{rel}","templated":true}]}}